{"id":452,"date":"2019-07-17T11:38:18","date_gmt":"2019-07-17T11:38:18","guid":{"rendered":"http:\/\/www.westtaxi.ro\/politica-privind-cookie-urile\/"},"modified":"2019-10-24T10:48:36","modified_gmt":"2019-10-24T10:48:36","slug":"cookie-k-hasznalata","status":"publish","type":"page","link":"https:\/\/www.westtaxi.ro\/hu\/cookie-k-hasznalata\/","title":{"rendered":"Cookie-k haszn\u00e1lata"},"content":{"rendered":"<p>A <a href=\"http:\/\/www.westtaxi.ro\" target=\"_blank\" rel=\"noopener noreferrer\">www.westtaxi.ro<\/a> webhely cookie-kat haszn\u00e1l, hogy a l\u00e1togat\u00f3inak jobb b\u00f6ng\u00e9sz\u00e9si \u00e9lm\u00e9nyt \u00e9s szolg\u00e1ltat\u00e1sokat ny\u00fajtson az egyes l\u00e1togat\u00f3k ig\u00e9nyeihez igaz\u00edtva. \u00cdme a sz\u00fcks\u00e9ges inform\u00e1ci\u00f3k a <a href=\"http:\/\/www.westtaxi.ro\" target=\"_blank\" rel=\"noopener noreferrer\">www.westtaxi.ro<\/a> \u00e1ltal haszn\u00e1lt cookie-k elhelyez\u00e9s\u00e9nek, haszn\u00e1lat\u00e1nak \u00e9s kezel\u00e9s\u00e9nek r\u00e9szletes ismertet\u00e9s\u00e9hez.<\/p>\n<p>&nbsp;<\/p>\n<h4>Cookik alkalmazhat\u00f3s\u00e1ga<\/h4>\n<p>Ez a szab\u00e1lyzat a www.westtaxi.ro-ra vonatkozik.<\/p>\n<p>A szem\u00e9lyazonoss\u00e1gra vonatkoz\u00f3an az ebben a dokumentumban szerepl\u0151 inform\u00e1ci\u00f3k a SC Padrones SRL \u00e1ltal vagy nev\u00e9ben m\u0171k\u00f6dtetett egy\u00e9b online platformokra is vonatkoznak.<\/p>\n<p>A webhely haszn\u00e1lat\u00e1val \u00d6n beleegyezik abba, hogy mik\u00e9nt haszn\u00e1ljuk a cookie-kat e haszn\u00e1lati ir\u00e1nyelvnek megfelel\u0151en.<\/p>\n<p>Ha nem \u00e9rt egyet a cookie-k haszn\u00e1lat\u00e1val, akkor megfelel\u0151en be kell \u00e1ll\u00edtania a b\u00f6ng\u00e9sz\u0151 be\u00e1ll\u00edt\u00e1sait.<\/p>\n<p>Az \u00e1ltalunk haszn\u00e1lt cookie-k letilt\u00e1sa befoly\u00e1solhatja a felhaszn\u00e1l\u00f3k felhaszn\u00e1l\u00f3i \u00e9lm\u00e9ny\u00e9t ezen az oldalon.<\/p>\n<p>&nbsp;<\/p>\n<h4>Mik azok a cookie-k?<\/h4>\n<p>A cookie-k olyan kis f\u00e1jlok, amelyek bet\u0171kb\u0151l \u00e9s sz\u00e1mokb\u00f3l \u00e1llnak, amelyeket a sz\u00e1m\u00edt\u00f3g\u00e9pen, mobil termin\u00e1lon vagy m\u00e1s, az internethez hozz\u00e1f\u00e9r\u0151 eszk\u00f6z\u00f6n t\u00e1rolnak.<\/p>\n<p>A cookie-kat webkiszolg\u00e1l\u00f3, b\u00f6ng\u00e9sz\u0151 (pl. Internet Explorer, Chrome) k\u00e9r\u00e9s\u00e9re telep\u00edtik.<\/p>\n<p>A cookie-k teljesen \u201epassz\u00edvak\u201d (nem tartalmaznak szoftvert, v\u00edrusokat vagy k\u00e9mprogramokat, \u00e9s nem f\u00e9rhetnek hozz\u00e1 a felhaszn\u00e1l\u00f3 merevlemez\u00e9n tal\u00e1lhat\u00f3 inform\u00e1ci\u00f3khoz).<\/p>\n<p>A cookie 2 r\u00e9szb\u0151l \u00e1ll: a n\u00e9vb\u0151l \u00e9s a tartalomb\u00f3l vagy a cookie-\u00e9rt\u00e9kb\u0151l. Meghat\u00e1rozz\u00e1k a cookie-k id\u0151tartam\u00e1t; technikailag csak akkor \u00e9rheti el \u00fajra a cookie-t k\u00fcld\u00f6tt webszerver, ha a felhaszn\u00e1l\u00f3 visszat\u00e9r az adott webkiszolg\u00e1l\u00f3hoz kapcsol\u00f3d\u00f3 webhelyre.<\/p>\n<p>A cookie-k \u00f6nmagukban nem ig\u00e9nyelnek szem\u00e9lyes adatokat, \u00e9s a legt\u00f6bb esetben nem azonos\u00edtj\u00e1k szem\u00e9lyesen az internethaszn\u00e1l\u00f3kat.<\/p>\n<p>&nbsp;<\/p>\n<p><strong>A cookie-k 2 nagy kateg\u00f3ri\u00e1ja l\u00e9tezik:<\/strong><\/p>\n<ol>\n<li>munkamenet cookie-k: ideiglenesen t\u00e1rol\u00f3dnak a webb\u00f6ng\u00e9sz\u0151 cookie-mapp\u00e1j\u00e1ban, hogy a b\u00f6ng\u00e9sz\u0151 addig mentse \u0151ket, am\u00edg a felhaszn\u00e1l\u00f3 kil\u00e9p a webhelyr\u0151l vagy bez\u00e1rja a b\u00f6ng\u00e9sz\u0151ablakot;<\/li>\n<li>tart\u00f3s cookie-k: a sz\u00e1m\u00edt\u00f3g\u00e9p vagy eszk\u00f6z merevlemez\u00e9n t\u00e1rol\u00f3dnak, \u00e9s \u00fajra aktiv\u00e1l\u00f3dnak, amikor megl\u00e1togatja az adott cookie-t l\u00e9trehoz\u00f3 webhelyet. A tart\u00f3s cookie-k k\u00f6z\u00e9 tartoznak azok, amelyeket a felhaszn\u00e1l\u00f3 jelenleg nem l\u00e1togat meg. Ezeket harmadik f\u00e9l cookie-k\u00e9nt \u00e9s harmadik f\u00e9l \u00e1ltal elhelyezett cookie-kk\u00e9nt ismerik. Megjegyzik a felhaszn\u00e1l\u00f3 \u00e9rdekeit, hogy a felhaszn\u00e1l\u00f3 sz\u00e1m\u00e1ra a legmegfelel\u0151bb hirdet\u00e9st ny\u00fajts\u00e1k.<\/li>\n<\/ol>\n<p>&nbsp;<\/p>\n<p>&nbsp;<\/p>\n<h4>Mi a cookie \u00e9lettartama?<\/h4>\n<p>A cookie-k \u00e9lettartama jelent\u0151sen v\u00e1ltozhat att\u00f3l f\u00fcgg\u0151en, hogy melyik c\u00e9lra van elhelyezve. Egyes cookie-k egyszeri haszn\u00e1latra k\u00e9sz\u00fcltek (p\u00e9ld\u00e1ul munkamenet cookie-k), ez\u00e9rt nem ker\u00fclnek meg\u0151rz\u00e9sre, ha a felhaszn\u00e1l\u00f3 elhagyja a webhelyet. M\u00e1s cookie-kat minden alkalommal meg\u0151rzik \u00e9s \u00fajra haszn\u00e1lnak, amikor a felhaszn\u00e1l\u00f3 visszat\u00e9r a webhelyre (\u00e1lland\u00f3 cookie-k). A cookie-kat azonban a felhaszn\u00e1l\u00f3 b\u00e1rmikor t\u00f6r\u00f6lheti a b\u00f6ng\u00e9sz\u0151be\u00e1ll\u00edt\u00e1sokkal.<\/p>\n<p>&nbsp;<\/p>\n<h4>Melyek a harmadik f\u00e9l \u00e1ltal elhelyezett cookie-k?<\/h4>\n<p>A webhelyek egyes tartalmi szakaszai harmadik f\u00e9lt\u0151l sz\u00e1rmaz\u00f3 cookie-k r\u00e9v\u00e9n ny\u00fajthat\u00f3k, mint a hirdet\u00e9s eset\u00e9ben. Ezek a cookie-k a helysz\u00ednen helyezhet\u0151k el, \u00e9s harmadik f\u00e9l \u00e1ltal elhelyezett cookie-knak nevezhet\u0151k, mivel azokat nem a webhely tulajdonosa helyezi el. Az ilyen harmadik feleknek meg kell felelni\u00fck a webhelytulajdonos vonatkoz\u00f3 jogszab\u00e1lyainak \u00e9s adatv\u00e9delmi szab\u00e1lyainak.<\/p>\n<p>&nbsp;<\/p>\n<h4>Mi\u00e9rt fontosak az internetes cookie-k?<\/h4>\n<p>A cookie-k az internet hat\u00e9kony m\u0171k\u00f6d\u00e9s\u00e9nek k\u00f6z\u00e9ppontj\u00e1ban \u00e1llnak, seg\u00edtve a bar\u00e1ts\u00e1gos b\u00f6ng\u00e9sz\u00e9si \u00e9lm\u00e9ny l\u00e9trehoz\u00e1s\u00e1t \u00e9s az egyes felhaszn\u00e1l\u00f3k preferenci\u00e1inak \u00e9s \u00e9rdekeinek megfelel\u0151en. A cookie-k megtagad\u00e1sa vagy letilt\u00e1sa egyes webhelyeket lehetetlenn\u00e9 teheti. A cookie-k megtagad\u00e1sa vagy letilt\u00e1sa nem jelenti azt, hogy nem kap online hirdet\u00e9st &#8211; csak azt, hogy a tov\u00e1bbiakban nem lesz k\u00e9pes nyomon k\u00f6vetni a b\u00f6ng\u00e9sz\u00e9si viselked\u00e9s \u00e1ltal kiemelt preferenci\u00e1it \u00e9s \u00e9rdekeit. P\u00e9ld\u00e1k a cookie-k fontos haszn\u00e1lat\u00e1ra (amelyek nem ig\u00e9nyelnek egy felhaszn\u00e1l\u00f3 hiteles\u00edt\u00e9s\u00e9t egy fi\u00f3kon kereszt\u00fcl):<\/p>\n<ol>\n<li>A felhaszn\u00e1l\u00f3i be\u00e1ll\u00edt\u00e1sokhoz igaz\u00edtott tartalom \u00e9s szolg\u00e1ltat\u00e1sok &#8211; term\u00e9k- \u00e9s szolg\u00e1ltat\u00e1skateg\u00f3ri\u00e1k;<\/li>\n<li>A felhaszn\u00e1l\u00f3k \u00e9rdekeihez igaz\u00edtott aj\u00e1nlatok &#8211; a jelszavak megtart\u00e1sa;<\/li>\n<li>A gyermekv\u00e9delmi sz\u0171r\u0151k megtart\u00e1sa az internetes tartalomban (csal\u00e1di m\u00f3dok, biztons\u00e1gos keres\u00e9s funkci\u00f3k);<\/li>\n<li>hat\u00e1rfrekvencia sug\u00e1rzott rekl\u00e1mok &#8211; plafon egy hirdet\u00e9st egy adott felhaszn\u00e1l\u00f3 egy honlapon;<\/li>\n<li>A felhaszn\u00e1l\u00f3 sz\u00e1m\u00e1ra relev\u00e1nsabb hirdet\u00e9s biztos\u00edt\u00e1sa;<\/li>\n<li>m\u00e9r\u00e9s, optimaliz\u00e1l\u00e1s \u00e9s analitika funkci\u00f3k &#8211; mint p\u00e9ld\u00e1ul meger\u0151s\u00edti egy bizonyos szint\u0171 forgalom a weboldalon, milyen tartalmak megtekint\u00e9se \u00e9s a felhaszn\u00e1l\u00f3 hogyan \u00e9rkezik a honlapon (pl keres\u0151k k\u00f6zvetlen\u00fcl m\u00e1s weboldalak, stb.). A webhelyek ezeket az elemz\u00e9seket haszn\u00e1lj\u00e1k fel a webhelyek jav\u00edt\u00e1s\u00e1ra a felhaszn\u00e1l\u00f3k jav\u00e1ra.<\/li>\n<\/ol>\n<h4><\/h4>\n<h4>Milyen cookie-kat haszn\u00e1lunk?<\/h4>\n<p>A webhely el\u00e9r\u00e9s\u00e9vel az al\u00e1bbi t\u00edpus\u00fa cookie-kat helyezheti el:<\/p>\n<ul>\n<li>a helysz\u00edn teljes\u00edtm\u00e9nye: megtartj\u00e1k a felhaszn\u00e1l\u00f3 preferenci\u00e1it ezen az oldalon;<\/li>\n<li>l\u00e1togat\u00f3i elemz\u00e9s: elmondj\u00e1k nek\u00fcnk, hogy kor\u00e1bban m\u00e1r megl\u00e1togatta-e ezt az oldalt; a b\u00f6ng\u00e9sz\u0151 elmondja nek\u00fcnk, hogy van-e ez a cookie, \u00e9s ha nem, akkor l\u00e9trehozunk egyet;<\/li>\n<li>a geotargetting: haszn\u00e1lj\u00e1k \u0151ket program, amely meghat\u00e1rozza, melyik orsz\u00e1gban j\u00f6n teljesen anonim, \u00e9s csak haszn\u00e1lt tartalmi c\u00e9lz\u00e1st;<\/li>\n<li>Regisztr\u00e1ci\u00f3: \u0151k tudassa vel\u00fcnk, ha regisztr\u00e1lt vagy sem, azt mutatja, a fi\u00f3kot regisztr\u00e1lt, \u00e9s van enged\u00e9lye az adott szolg\u00e1ltat\u00e1s;<\/li>\n<li>rekl\u00e1m: ennek alapj\u00e1n tudjuk-e vagy sem az \u00d6n \u00e1ltal megtekintett online hirdet\u00e9s, amely a kreat\u00edv t\u00edpus\u00fa \u00e9s mennyi ideig nem volt m\u00e9g, mert az \u00d6n \u00e1ltal megtekintett hirdet\u00e9s.<\/li>\n<\/ul>\n<p>&nbsp;<\/p>\n<h4>A cookie-k szem\u00e9lyes adatokat tartalmaznak?<\/h4>\n<p>A cookie-k \u00f6nmagukban nem ig\u00e9nyelnek szem\u00e9lyes adatokat, \u00e9s a legt\u00f6bb esetben nem azonos\u00edtj\u00e1k szem\u00e9lyesen az internethaszn\u00e1l\u00f3kat. A szem\u00e9lyes adatok a cookie-k felhaszn\u00e1l\u00e1s\u00e1val csak bizonyos felhaszn\u00e1l\u00f3i funkci\u00f3k megk\u00f6nny\u00edt\u00e9se \u00e9rdek\u00e9ben gy\u0171jthet\u0151k.<\/p>\n<p>&nbsp;<\/p>\n<h4>Hogyan v\u00e1ltoztatja meg a b\u00f6ng\u00e9sz\u0151 cookie-be\u00e1ll\u00edt\u00e1sait?<\/h4>\n<p>Cookie-k t\u00f6rl\u00e9se<\/p>\n<p>A weblapok el\u00e9r\u00e9s\u00e9hez haszn\u00e1lt alkalmaz\u00e1sok lehet\u0151v\u00e9 teszik, hogy alap\u00e9rtelmez\u00e9s szerint mentse a cookie-kat a termin\u00e1lra. Ezeket a be\u00e1ll\u00edt\u00e1sokat meg lehet v\u00e1ltoztatni \u00fagy, hogy az automatikus ir\u00e1ny\u00edt\u00e1s cookie blokkolja b\u00f6ng\u00e9sz\u0151 vagy felhaszn\u00e1l\u00f3 \u00e9rtes\u00edt\u00e9st a cookie-k k\u00fcld\u00f6tt a termin\u00e1l. R\u00e9szletes inform\u00e1ci\u00f3k a lehet\u0151s\u00e9geket, \u00e9s hogyan kezelheti a cookie-kat megtal\u00e1lhat\u00f3 a be\u00e1ll\u00edt\u00e1sok alkalmaz\u00e1s (b\u00f6ng\u00e9sz\u0151). A cookie-k haszn\u00e1lat\u00e1nak korl\u00e1toz\u00e1sa befoly\u00e1solhatja a weboldal bizonyos funkci\u00f3it.<\/p>\n<p>A legt\u00f6bb b\u00f6ng\u00e9sz\u0151 lehet\u0151v\u00e9 teszi a cookie-be\u00e1ll\u00edt\u00e1sok m\u00f3dos\u00edt\u00e1s\u00e1t. Ezeket a be\u00e1ll\u00edt\u00e1sokat \u00e1ltal\u00e1ban a b\u00f6ng\u00e9sz\u0151 &#8220;opci\u00f3k&#8221; vagy &#8220;preferenci\u00e1k&#8221; men\u00fcj\u00e9ben tal\u00e1lja.<\/p>\n<p>&nbsp;<\/p>\n<p>Ahhoz, hogy meg\u00e9rts\u00fck ezeket a be\u00e1ll\u00edt\u00e1sokat, az al\u00e1bbi linkek hasznosak lehetnek, egy\u00e9bk\u00e9nt akkor haszn\u00e1lja a \u201eseg\u00edts\u00e9get\u201d a b\u00f6ng\u00e9sz\u0151 tov\u00e1bbi r\u00e9szletek\u00e9rt.<\/p>\n<p>&nbsp;<\/p>\n<p>Cookie settings in Internet Explorer<\/p>\n<p><a href=\"https:\/\/support.mozilla.org\/en-US\/kb\/cookies-information-websites-store-on-your-computer?redirectlocale=en-US&amp;redirectslug=Cookies\" target=\"_blank\" rel=\"noopener noreferrer\">Cookie settings in Firefox<\/a><\/p>\n<p><a href=\"https:\/\/support.google.com\/chrome\/answer\/95647?hl=en\" target=\"_blank\" rel=\"noopener noreferrer\">Cookie settings in Chrome<\/a><\/p>\n<p><a href=\"http:\/\/support.apple.com\/kb\/PH5042\" target=\"_blank\" rel=\"noopener noreferrer\">Cookie settings in Safari<\/a><\/p>\n<p>&nbsp;<\/p>\n<p>Harmadik f\u00e9lt\u0151l sz\u00e1rmaz\u00f3 cookie-be\u00e1ll\u00edt\u00e1sok eset\u00e9n a webhelyet is megtekintheti:<\/p>\n<p>&nbsp;<\/p>\n<p><a href=\"http:\/\/www.youronlinechoices.com\/hu\/\" target=\"_blank\" rel=\"noopener noreferrer\">http:\/\/www.youronlinechoices.com\/hu\/<\/a><\/p>\n<p>&nbsp;<\/p>\n<p>Hasznos linkek<\/p>\n<p>Ha t\u00f6bbet szeretne megtudni a cookie-kr\u00f3l \u00e9s azok haszn\u00e1lat\u00e1r\u00f3l, javasoljuk a k\u00f6vetkez\u0151 oldalakat:<\/p>\n<p>Microsoft Cookie-k \u00fatmutat\u00f3<\/p>\n<p><a href=\"http:\/\/www.allaboutcookies.org\/\" target=\"_blank\" rel=\"noopener noreferrer\">Minden a cookie-kr\u00f3l<\/a><\/p>\n<p><a href=\"http:\/\/www.youronlinechoices.com\/hu\/\">http:\/\/www.youronlinechoices.com\/<\/a><a href=\"http:\/\/www.youronlinechoices.com\/hu\/\">hu<\/a><a href=\"http:\/\/www.youronlinechoices.com\/hu\/\">\/<\/a><\/p>\n<p>&nbsp;<\/p>\n<p>&nbsp;<\/p>\n<p>Abban az esetben ha szeretn\u00e9nek b\u0151vebb inform\u00e1ci\u00f3t a fent leirt szab\u00e1lyzattal kapcsolatban, k\u00e9rj\u00fck hogy l\u00e9pjenek kapcsolatba vel\u00fcnk az <a href=\"mailto:office@westtaxi.ro\">office<\/a><a href=\"mailto:office@westtaxi.ro\">@westtaxi.ro<\/a> e-mail cimen vagy a k\u00f6vetkez\u0151 postai cimen : K\u00e9zdiv\u00e1s\u00e1rhely, G\u00e1bor \u00c1ron t\u00e9r, 6.<\/p>\n<p>&nbsp;<\/p>\n<p>&nbsp;<\/p>\n<p>&nbsp;<\/p>\n","protected":false},"excerpt":{"rendered":"<p>A www.westtaxi.ro webhely cookie-kat haszn\u00e1l, hogy a l\u00e1togat\u00f3inak jobb b\u00f6ng\u00e9sz\u00e9si \u00e9lm\u00e9nyt \u00e9s szolg\u00e1ltat\u00e1sokat ny\u00fajtson az egyes l\u00e1togat\u00f3k ig\u00e9nyeihez igaz\u00edtva. \u00cdme a sz\u00fcks\u00e9ges inform\u00e1ci\u00f3k a www.westtaxi.ro \u00e1ltal haszn\u00e1lt cookie-k elhelyez\u00e9s\u00e9nek, haszn\u00e1lat\u00e1nak \u00e9s kezel\u00e9s\u00e9nek r\u00e9szletes ismertet\u00e9s\u00e9hez. &nbsp; Cookik alkalmazhat\u00f3s\u00e1ga Ez a szab\u00e1lyzat a www.westtaxi.ro-ra vonatkozik. A szem\u00e9lyazonoss\u00e1gra vonatkoz\u00f3an az ebben a dokumentumban szerepl\u0151 inform\u00e1ci\u00f3k a SC Padrones [&hellip;]<\/p>\n","protected":false},"author":2,"featured_media":0,"parent":0,"menu_order":0,"comment_status":"closed","ping_status":"closed","template":"page-termeni.php","meta":{"_acf_changed":false,"footnotes":""},"class_list":["post-452","page","type-page","status-publish","hentry"],"acf":[],"_links":{"self":[{"href":"https:\/\/www.westtaxi.ro\/hu\/wp-json\/wp\/v2\/pages\/452","targetHints":{"allow":["GET"]}}],"collection":[{"href":"https:\/\/www.westtaxi.ro\/hu\/wp-json\/wp\/v2\/pages"}],"about":[{"href":"https:\/\/www.westtaxi.ro\/hu\/wp-json\/wp\/v2\/types\/page"}],"author":[{"embeddable":true,"href":"https:\/\/www.westtaxi.ro\/hu\/wp-json\/wp\/v2\/users\/2"}],"replies":[{"embeddable":true,"href":"https:\/\/www.westtaxi.ro\/hu\/wp-json\/wp\/v2\/comments?post=452"}],"version-history":[{"count":5,"href":"https:\/\/www.westtaxi.ro\/hu\/wp-json\/wp\/v2\/pages\/452\/revisions"}],"predecessor-version":[{"id":751,"href":"https:\/\/www.westtaxi.ro\/hu\/wp-json\/wp\/v2\/pages\/452\/revisions\/751"}],"wp:attachment":[{"href":"https:\/\/www.westtaxi.ro\/hu\/wp-json\/wp\/v2\/media?parent=452"}],"curies":[{"name":"wp","href":"https:\/\/api.w.org\/{rel}","templated":true}]}}