{"id":353,"date":"2019-03-20T11:21:20","date_gmt":"2019-03-20T11:21:20","guid":{"rendered":"http:\/\/www.westtaxi.ro\/rent-a-car\/"},"modified":"2026-04-07T07:47:16","modified_gmt":"2026-04-07T07:47:16","slug":"autoberles","status":"publish","type":"page","link":"https:\/\/www.westtaxi.ro\/hu\/autoberles\/","title":{"rendered":"Aut\u00f3b\u00e9rl\u00e9s"},"content":{"rendered":"<h1>Aut\u00f3b\u00e9rl\u00e9s<\/h1>\n<p>B\u00e9relhet\u0151 aut\u00f3ink k\u00f6zt tal\u00e1l alacsony fogyaszt\u00e1s\u00fa (low cost) v\u00e1rosi kisaut\u00f3t, illetve eleg\u00e1ns luxus (high class) aut\u00f3kat is.<\/p>\n<p>C\u00e9g\u00fcnkt\u0151l b\u00e9relhet fizikai \u00e9s jogi szem\u00e9ly, k\u00fclf\u00f6ldi illetve rom\u00e1niai \u00e1llampolg\u00e1r. Keressen benn\u00fcnket, \u00e9s mi megtal\u00e1ljuk az \u00d6n sz\u00e1m\u00e1ra megfelel\u0151 aut\u00f3t.<\/p>\n","protected":false},"excerpt":{"rendered":"<p>Aut\u00f3b\u00e9rl\u00e9s B\u00e9relhet\u0151 aut\u00f3ink k\u00f6zt tal\u00e1l alacsony fogyaszt\u00e1s\u00fa (low cost) v\u00e1rosi kisaut\u00f3t, illetve eleg\u00e1ns luxus (high class) aut\u00f3kat is. C\u00e9g\u00fcnkt\u0151l b\u00e9relhet fizikai \u00e9s jogi szem\u00e9ly, k\u00fclf\u00f6ldi illetve rom\u00e1niai \u00e1llampolg\u00e1r. Keressen benn\u00fcnket, \u00e9s mi megtal\u00e1ljuk az \u00d6n sz\u00e1m\u00e1ra megfelel\u0151 aut\u00f3t.<\/p>\n","protected":false},"author":1,"featured_media":0,"parent":0,"menu_order":0,"comment_status":"closed","ping_status":"closed","template":"page-rent.php","meta":{"_acf_changed":false,"footnotes":""},"class_list":["post-353","page","type-page","status-publish","hentry"],"acf":[],"_links":{"self":[{"href":"https:\/\/www.westtaxi.ro\/hu\/wp-json\/wp\/v2\/pages\/353","targetHints":{"allow":["GET"]}}],"collection":[{"href":"https:\/\/www.westtaxi.ro\/hu\/wp-json\/wp\/v2\/pages"}],"about":[{"href":"https:\/\/www.westtaxi.ro\/hu\/wp-json\/wp\/v2\/types\/page"}],"author":[{"embeddable":true,"href":"https:\/\/www.westtaxi.ro\/hu\/wp-json\/wp\/v2\/users\/1"}],"replies":[{"embeddable":true,"href":"https:\/\/www.westtaxi.ro\/hu\/wp-json\/wp\/v2\/comments?post=353"}],"version-history":[{"count":5,"href":"https:\/\/www.westtaxi.ro\/hu\/wp-json\/wp\/v2\/pages\/353\/revisions"}],"predecessor-version":[{"id":1506,"href":"https:\/\/www.westtaxi.ro\/hu\/wp-json\/wp\/v2\/pages\/353\/revisions\/1506"}],"wp:attachment":[{"href":"https:\/\/www.westtaxi.ro\/hu\/wp-json\/wp\/v2\/media?parent=353"}],"curies":[{"name":"wp","href":"https:\/\/api.w.org\/{rel}","templated":true}]}}