{"id":342,"date":"2019-03-20T11:21:34","date_gmt":"2019-03-20T11:21:34","guid":{"rendered":"http:\/\/www.westtaxi.ro\/transfer-aeroport\/"},"modified":"2025-10-08T08:28:30","modified_gmt":"2025-10-08T08:28:30","slug":"repuloteri-transzfer","status":"publish","type":"page","link":"https:\/\/www.westtaxi.ro\/hu\/repuloteri-transzfer\/","title":{"rendered":"Rep\u00fcl\u0151t\u00e9ri transzfer"},"content":{"rendered":"<h1>Rep\u00fcl\u0151t\u00e9ri transzfer<\/h1>\n<p>C\u00e9g\u00fcnk egyik f\u0151 tev\u00e9kenys\u00e9ge \u00fcgyfeleink k\u00e9nyelmes, biztons\u00e1gos, \u00e9s pontos id\u0151re val\u00f3 sz\u00e1ll\u00edt\u00e1sa otthonaik \u00e9s Rom\u00e1nia rep\u00fcl\u0151terei k\u00f6zt. A sz\u00e1ll\u00edt\u00e1s az utasok sz\u00e1m\u00e1nak \u00e9s a csomagmennyis\u00e9gnek f\u00fcggv\u00e9ny\u00e9ben \u00fcgyfeleink ig\u00e9nyeinek megfelel\u0151 aut\u00f3val t\u00f6rt\u00e9nik.<\/p>\n","protected":false},"excerpt":{"rendered":"<p>Rep\u00fcl\u0151t\u00e9ri transzfer C\u00e9g\u00fcnk egyik f\u0151 tev\u00e9kenys\u00e9ge \u00fcgyfeleink k\u00e9nyelmes, biztons\u00e1gos, \u00e9s pontos id\u0151re val\u00f3 sz\u00e1ll\u00edt\u00e1sa otthonaik \u00e9s Rom\u00e1nia rep\u00fcl\u0151terei k\u00f6zt. A sz\u00e1ll\u00edt\u00e1s az utasok sz\u00e1m\u00e1nak \u00e9s a csomagmennyis\u00e9gnek f\u00fcggv\u00e9ny\u00e9ben \u00fcgyfeleink ig\u00e9nyeinek megfelel\u0151 aut\u00f3val t\u00f6rt\u00e9nik.<\/p>\n","protected":false},"author":1,"featured_media":0,"parent":0,"menu_order":0,"comment_status":"closed","ping_status":"closed","template":"page-westtransfer-booking.php","meta":{"_acf_changed":false,"footnotes":""},"class_list":["post-342","page","type-page","status-publish","hentry"],"acf":[],"_links":{"self":[{"href":"https:\/\/www.westtaxi.ro\/hu\/wp-json\/wp\/v2\/pages\/342","targetHints":{"allow":["GET"]}}],"collection":[{"href":"https:\/\/www.westtaxi.ro\/hu\/wp-json\/wp\/v2\/pages"}],"about":[{"href":"https:\/\/www.westtaxi.ro\/hu\/wp-json\/wp\/v2\/types\/page"}],"author":[{"embeddable":true,"href":"https:\/\/www.westtaxi.ro\/hu\/wp-json\/wp\/v2\/users\/1"}],"replies":[{"embeddable":true,"href":"https:\/\/www.westtaxi.ro\/hu\/wp-json\/wp\/v2\/comments?post=342"}],"version-history":[{"count":15,"href":"https:\/\/www.westtaxi.ro\/hu\/wp-json\/wp\/v2\/pages\/342\/revisions"}],"predecessor-version":[{"id":1064,"href":"https:\/\/www.westtaxi.ro\/hu\/wp-json\/wp\/v2\/pages\/342\/revisions\/1064"}],"wp:attachment":[{"href":"https:\/\/www.westtaxi.ro\/hu\/wp-json\/wp\/v2\/media?parent=342"}],"curies":[{"name":"wp","href":"https:\/\/api.w.org\/{rel}","templated":true}]}}