{"id":333,"date":"2019-03-20T11:20:55","date_gmt":"2019-03-20T11:20:55","guid":{"rendered":"http:\/\/www.westtaxi.ro\/taxi\/"},"modified":"2025-09-22T11:58:06","modified_gmt":"2025-09-22T11:58:06","slug":"taxi","status":"publish","type":"page","link":"https:\/\/www.westtaxi.ro\/hu\/taxi\/","title":{"rendered":"Taxi"},"content":{"rendered":"<h1>Taxi<\/h1>\n<p>C\u00e9g\u00fcnk 7 g\u00e9pkocsival \u00e1ll \u00fcgyfeleink rendelkez\u00e9s\u00e9re, amelyekkel taxis szem\u00e9lysz\u00e1ll\u00edt\u00e1st v\u00e1llalunk. Aut\u00f3ink 4+1 szem\u00e9ly sz\u00e1ll\u00edt\u00e1s\u00e1ra alkalmasak, nagyobb m\u00e9ret\u0171, illetve t\u00f6bb csomag eset\u00e9n kombi aut\u00f3 is ig\u00e9nyelhet\u0151. Ha utazni szeretne a nap 24 \u00f3r\u00e1j\u00e1ban, h\u00edvjon minket b\u00e1tran a megadott telefonsz\u00e1mok b\u00e1rmelyik\u00e9n.<\/p>\n","protected":false},"excerpt":{"rendered":"<p>Taxi C\u00e9g\u00fcnk 7 g\u00e9pkocsival \u00e1ll \u00fcgyfeleink rendelkez\u00e9s\u00e9re, amelyekkel taxis szem\u00e9lysz\u00e1ll\u00edt\u00e1st v\u00e1llalunk. Aut\u00f3ink 4+1 szem\u00e9ly sz\u00e1ll\u00edt\u00e1s\u00e1ra alkalmasak, nagyobb m\u00e9ret\u0171, illetve t\u00f6bb csomag eset\u00e9n kombi aut\u00f3 is ig\u00e9nyelhet\u0151. Ha utazni szeretne a nap 24 \u00f3r\u00e1j\u00e1ban, h\u00edvjon minket b\u00e1tran a megadott telefonsz\u00e1mok b\u00e1rmelyik\u00e9n.<\/p>\n","protected":false},"author":1,"featured_media":0,"parent":0,"menu_order":0,"comment_status":"closed","ping_status":"closed","template":"page-taxi.php","meta":{"_acf_changed":false,"footnotes":""},"class_list":["post-333","page","type-page","status-publish","hentry"],"acf":[],"_links":{"self":[{"href":"https:\/\/www.westtaxi.ro\/hu\/wp-json\/wp\/v2\/pages\/333","targetHints":{"allow":["GET"]}}],"collection":[{"href":"https:\/\/www.westtaxi.ro\/hu\/wp-json\/wp\/v2\/pages"}],"about":[{"href":"https:\/\/www.westtaxi.ro\/hu\/wp-json\/wp\/v2\/types\/page"}],"author":[{"embeddable":true,"href":"https:\/\/www.westtaxi.ro\/hu\/wp-json\/wp\/v2\/users\/1"}],"replies":[{"embeddable":true,"href":"https:\/\/www.westtaxi.ro\/hu\/wp-json\/wp\/v2\/comments?post=333"}],"version-history":[{"count":16,"href":"https:\/\/www.westtaxi.ro\/hu\/wp-json\/wp\/v2\/pages\/333\/revisions"}],"predecessor-version":[{"id":1066,"href":"https:\/\/www.westtaxi.ro\/hu\/wp-json\/wp\/v2\/pages\/333\/revisions\/1066"}],"wp:attachment":[{"href":"https:\/\/www.westtaxi.ro\/hu\/wp-json\/wp\/v2\/media?parent=333"}],"curies":[{"name":"wp","href":"https:\/\/api.w.org\/{rel}","templated":true}]}}